{"id":1355,"date":"2024-02-25T17:00:09","date_gmt":"2024-02-25T16:00:09","guid":{"rendered":"https:\/\/dev.square-com.fr\/sam-info\/?page_id=1355"},"modified":"2024-07-24T13:21:33","modified_gmt":"2024-07-24T12:21:33","slug":"mentions-legales","status":"publish","type":"page","link":"https:\/\/dev.square-com.fr\/sam-info\/mentions-legales\/","title":{"rendered":"Mentions l\u00e9gales"},"content":{"rendered":"\t\t<div data-elementor-type=\"wp-page\" data-elementor-id=\"1355\" class=\"elementor elementor-1355\" data-elementor-post-type=\"page\">\n\t\t\t\t<div class=\"elementor-element elementor-element-5cd0cd8 e-flex e-con-boxed wpr-particle-no wpr-jarallax-no wpr-parallax-no wpr-sticky-section-no e-con e-parent\" data-id=\"5cd0cd8\" data-element_type=\"container\" data-settings=\"{&quot;content_width&quot;:&quot;boxed&quot;}\" data-core-v316-plus=\"true\">\n\t\t\t\t\t<div class=\"e-con-inner\">\n\t\t<div class=\"elementor-element elementor-element-52b2371 e-flex e-con-boxed wpr-particle-no wpr-jarallax-no wpr-parallax-no wpr-sticky-section-no e-con e-child\" data-id=\"52b2371\" data-element_type=\"container\" data-settings=\"{&quot;content_width&quot;:&quot;boxed&quot;}\">\n\t\t\t\t\t<div class=\"e-con-inner\">\n\t\t\t\t<div class=\"elementor-element elementor-element-27f2d53 elementor-widget elementor-widget-heading\" data-id=\"27f2d53\" data-element_type=\"widget\" data-widget_type=\"heading.default\">\n\t\t\t\t<div class=\"elementor-widget-container\">\n\t\t\t<style>\/*! elementor - v3.19.0 - 07-02-2024 *\/\n.elementor-heading-title{padding:0;margin:0;line-height:1}.elementor-widget-heading .elementor-heading-title[class*=elementor-size-]>a{color:inherit;font-size:inherit;line-height:inherit}.elementor-widget-heading .elementor-heading-title.elementor-size-small{font-size:15px}.elementor-widget-heading .elementor-heading-title.elementor-size-medium{font-size:19px}.elementor-widget-heading .elementor-heading-title.elementor-size-large{font-size:29px}.elementor-widget-heading .elementor-heading-title.elementor-size-xl{font-size:39px}.elementor-widget-heading .elementor-heading-title.elementor-size-xxl{font-size:59px}<\/style><h2 class=\"elementor-heading-title elementor-size-default\">Mentions L\u00e9gales<\/h2>\t\t<\/div>\n\t\t\t\t<\/div>\n\t\t\t\t<div class=\"elementor-element elementor-element-4dc4ba7 elementor-widget elementor-widget-heading\" data-id=\"4dc4ba7\" data-element_type=\"widget\" data-widget_type=\"heading.default\">\n\t\t\t\t<div class=\"elementor-widget-container\">\n\t\t\t<h5 class=\"elementor-heading-title elementor-size-default\">1. \u00c9diteur du site<\/h5>\t\t<\/div>\n\t\t\t\t<\/div>\n\t\t\t\t<div class=\"elementor-element elementor-element-b2453cd elementor-widget elementor-widget-heading\" data-id=\"b2453cd\" data-element_type=\"widget\" data-widget_type=\"heading.default\">\n\t\t\t\t<div class=\"elementor-widget-container\">\n\t\t\t<h5 class=\"elementor-heading-title elementor-size-default\">2. H\u00e9bergement du site<\/h5>\t\t<\/div>\n\t\t\t\t<\/div>\n\t\t\t\t<div class=\"elementor-element elementor-element-8224354 elementor-widget elementor-widget-text-editor\" data-id=\"8224354\" data-element_type=\"widget\" data-widget_type=\"text-editor.default\">\n\t\t\t\t<div class=\"elementor-widget-container\">\n\t\t\t<style>\/*! elementor - v3.19.0 - 07-02-2024 *\/\n.elementor-widget-text-editor.elementor-drop-cap-view-stacked .elementor-drop-cap{background-color:#69727d;color:#fff}.elementor-widget-text-editor.elementor-drop-cap-view-framed .elementor-drop-cap{color:#69727d;border:3px solid;background-color:transparent}.elementor-widget-text-editor:not(.elementor-drop-cap-view-default) .elementor-drop-cap{margin-top:8px}.elementor-widget-text-editor:not(.elementor-drop-cap-view-default) .elementor-drop-cap-letter{width:1em;height:1em}.elementor-widget-text-editor .elementor-drop-cap{float:left;text-align:center;line-height:1;font-size:50px}.elementor-widget-text-editor .elementor-drop-cap-letter{display:inline-block}<\/style>\t\t\t\t<p>Le site est h\u00e9berg\u00e9 par OVH S.A.S.<\/p><p>Adresse : 2 rue Kellermann, 59100 Roubaix, FRANCE<\/p><p>T\u00e9l\u00e9phone : +33 9 72 10 10 07<\/p>\t\t\t\t\t\t<\/div>\n\t\t\t\t<\/div>\n\t\t\t\t<div class=\"elementor-element elementor-element-2517842 elementor-widget elementor-widget-heading\" data-id=\"2517842\" data-element_type=\"widget\" data-widget_type=\"heading.default\">\n\t\t\t\t<div class=\"elementor-widget-container\">\n\t\t\t<h5 class=\"elementor-heading-title elementor-size-default\">3. Informations l\u00e9gales<\/h5>\t\t<\/div>\n\t\t\t\t<\/div>\n\t\t\t\t<div class=\"elementor-element elementor-element-924c4df elementor-widget elementor-widget-text-editor\" data-id=\"924c4df\" data-element_type=\"widget\" data-widget_type=\"text-editor.default\">\n\t\t\t\t<div class=\"elementor-widget-container\">\n\t\t\t\t\t\t\t<p>Le site SAM INFORMATIQUE est \u00e9dit\u00e9 par la soci\u00e9t\u00e9 SAM INFORMATIQUE S.A.S., soci\u00e9t\u00e9 par actions simplifi\u00e9e au capital de 102 500 \u20ac, immatricul\u00e9e au Registre du Commerce et des Soci\u00e9t\u00e9s d&rsquo;\u00c9pinal sous le num\u00e9ro 534 929 062.<\/p>\n<p>Si\u00e8ge social : 1590 Avenue de la Division Leclerc, 88300 Neufch\u00e2teau<\/p>\n<p>T\u00e9l\u00e9phone : 03 29 94 72 90<\/p>\n<p>E-mail : marketing@saminformatique.com<\/p>\n<p>Directeur de la publication : Christian DI GIACOMO<\/p>\t\t\t\t\t\t<\/div>\n\t\t\t\t<\/div>\n\t\t\t\t<div class=\"elementor-element elementor-element-2fb5d94 elementor-widget elementor-widget-heading\" data-id=\"2fb5d94\" data-element_type=\"widget\" data-widget_type=\"heading.default\">\n\t\t\t\t<div class=\"elementor-widget-container\">\n\t\t\t<h5 class=\"elementor-heading-title elementor-size-default\">4. Propri\u00e9t\u00e9 intellectuelle<\/h5>\t\t<\/div>\n\t\t\t\t<\/div>\n\t\t\t\t<div class=\"elementor-element elementor-element-abe3ac1 elementor-widget elementor-widget-text-editor\" data-id=\"abe3ac1\" data-element_type=\"widget\" data-widget_type=\"text-editor.default\">\n\t\t\t\t<div class=\"elementor-widget-container\">\n\t\t\t\t\t\t\t<p>S.A.S. au capital de 102 500 \u20ac<\/p><p>RCS \u00c9pinal B 534 929 062<\/p><p>Code NAF : 47.41Z<\/p><p>N\u00b0 SIRET : 534 929 062 00048<\/p><p>Num\u00e9ro TVA : FR89534929062<\/p>\t\t\t\t\t\t<\/div>\n\t\t\t\t<\/div>\n\t\t\t\t<div class=\"elementor-element elementor-element-b462ea6 elementor-widget elementor-widget-text-editor\" data-id=\"b462ea6\" data-element_type=\"widget\" data-widget_type=\"text-editor.default\">\n\t\t\t\t<div class=\"elementor-widget-container\">\n\t\t\t\t\t\t\t<p>Tous les \u00e9l\u00e9ments (textes, logos, images, \u00e9l\u00e9ments sonores, logiciels, ic\u00f4nes, mise en page, base de donn\u00e9es, &#8230;) contenus dans le site SAM INFORMATIQUE et associ\u00e9s sont prot\u00e9g\u00e9s par le droit national et international de la propri\u00e9t\u00e9 intellectuelle. Ces \u00e9l\u00e9ments restent la propri\u00e9t\u00e9 exclusive de SAM INFORMATIQUE et\/ou de ses partenaires.<\/p>\t\t\t\t\t\t<\/div>\n\t\t\t\t<\/div>\n\t\t\t\t<div class=\"elementor-element elementor-element-5b0a318 elementor-widget elementor-widget-heading\" data-id=\"5b0a318\" data-element_type=\"widget\" data-widget_type=\"heading.default\">\n\t\t\t\t<div class=\"elementor-widget-container\">\n\t\t\t<h5 class=\"elementor-heading-title elementor-size-default\">5. Responsabilit\u00e9<\/h5>\t\t<\/div>\n\t\t\t\t<\/div>\n\t\t\t\t<div class=\"elementor-element elementor-element-810468d elementor-widget elementor-widget-text-editor\" data-id=\"810468d\" data-element_type=\"widget\" data-widget_type=\"text-editor.default\">\n\t\t\t\t<div class=\"elementor-widget-container\">\n\t\t\t\t\t\t\t<p>SAM INFORMATIQUE ne peut \u00eatre tenue responsable des dommages directs et indirects caus\u00e9s au mat\u00e9riel de l&rsquo;utilisateur, lors de l&rsquo;acc\u00e8s au site SAM INFORMATIQUE. SAM INFORMATIQUE d\u00e9cline \u00e9galement toute responsabilit\u00e9 quant aux \u00e9ventuels bugs ou incidents techniques pouvant survenir.<\/p><p>Les informations pr\u00e9sentes sur le site SAM INFORMATIQUE sont fournies \u00e0 titre indicatif et ne sauraient garantir l&rsquo;exhaustivit\u00e9, la pr\u00e9cision ou l&rsquo;actualit\u00e9 des informations publi\u00e9es.<\/p>\t\t\t\t\t\t<\/div>\n\t\t\t\t<\/div>\n\t\t\t\t<div class=\"elementor-element elementor-element-d0ed6c1 elementor-widget elementor-widget-heading\" data-id=\"d0ed6c1\" data-element_type=\"widget\" data-widget_type=\"heading.default\">\n\t\t\t\t<div class=\"elementor-widget-container\">\n\t\t\t<h5 class=\"elementor-heading-title elementor-size-default\">6. Donn\u00e9es personnelles<\/h5>\t\t<\/div>\n\t\t\t\t<\/div>\n\t\t\t\t<div class=\"elementor-element elementor-element-da10df1 elementor-widget elementor-widget-text-editor\" data-id=\"da10df1\" data-element_type=\"widget\" data-widget_type=\"text-editor.default\">\n\t\t\t\t<div class=\"elementor-widget-container\">\n\t\t\t\t\t\t\t<p>Pour toute information ou exercice de vos droits Informatique et Libert\u00e9s sur les traitements de donn\u00e9es personnelles g\u00e9r\u00e9s par SAM INFORMATIQUE, vous pouvez contacter SAM INFORMATIQUE et \u00e9ventuellement son d\u00e9l\u00e9gu\u00e9 \u00e0 la protection des donn\u00e9es (DPO), si d\u00e9sign\u00e9, via [adresse e-mail] et en ajoutant l&rsquo;adresse du si\u00e8ge social.<\/p>\t\t\t\t\t\t<\/div>\n\t\t\t\t<\/div>\n\t\t\t\t<div class=\"elementor-element elementor-element-2b20944 elementor-widget elementor-widget-heading\" data-id=\"2b20944\" data-element_type=\"widget\" data-widget_type=\"heading.default\">\n\t\t\t\t<div class=\"elementor-widget-container\">\n\t\t\t<h5 class=\"elementor-heading-title elementor-size-default\">Cr\u00e9dits<\/h5>\t\t<\/div>\n\t\t\t\t<\/div>\n\t\t\t\t<div class=\"elementor-element elementor-element-0e83c1f elementor-widget elementor-widget-text-editor\" data-id=\"0e83c1f\" data-element_type=\"widget\" data-widget_type=\"text-editor.default\">\n\t\t\t\t<div class=\"elementor-widget-container\">\n\t\t\t\t\t\t\t<p>Conception et production du site : l&rsquo;\u00e9quipe SAM INFORMATIQUE et le prestataire <a href=\"https:\/\/square-com.fr\">SQUARECOM<\/a>.<\/p>\t\t\t\t\t\t<\/div>\n\t\t\t\t<\/div>\n\t\t\t\t\t<\/div>\n\t\t\t\t<\/div>\n\t\t\t\t\t<\/div>\n\t\t\t\t<\/div>\n\t\t\t\t<\/div>\n\t\t","protected":false},"excerpt":{"rendered":"<p>Mentions L\u00e9gales 1. \u00c9diteur du site 2. H\u00e9bergement du site Le site est h\u00e9berg\u00e9 par OVH S.A.S. Adresse : 2 rue Kellermann, 59100 Roubaix, FRANCE T\u00e9l\u00e9phone : +33 9 72 10 10 07 3. Informations l\u00e9gales Le site SAM INFORMATIQUE est \u00e9dit\u00e9 par la soci\u00e9t\u00e9 SAM INFORMATIQUE S.A.S., soci\u00e9t\u00e9 par actions simplifi\u00e9e au capital de [&hellip;]<\/p>\n","protected":false},"author":1,"featured_media":0,"parent":0,"menu_order":0,"comment_status":"closed","ping_status":"closed","template":"","meta":{"inline_featured_image":false,"footnotes":""},"class_list":["post-1355","page","type-page","status-publish","hentry"],"acf":[],"yoast_head":"<!-- This site is optimized with the Yoast SEO plugin v22.1 - https:\/\/yoast.com\/wordpress\/plugins\/seo\/ -->\n<title>Mentions l\u00e9gales - SAM INFORMATIQUE<\/title>\n<meta name=\"robots\" content=\"index, follow, max-snippet:-1, max-image-preview:large, max-video-preview:-1\" \/>\n<link rel=\"canonical\" href=\"https:\/\/dev.square-com.fr\/sam-info\/mentions-legales\/\" \/>\n<meta property=\"og:locale\" content=\"fr_FR\" \/>\n<meta property=\"og:type\" content=\"article\" \/>\n<meta property=\"og:title\" content=\"Mentions l\u00e9gales - SAM INFORMATIQUE\" \/>\n<meta property=\"og:description\" content=\"Mentions L\u00e9gales 1. \u00c9diteur du site 2. H\u00e9bergement du site Le site est h\u00e9berg\u00e9 par OVH S.A.S. Adresse : 2 rue Kellermann, 59100 Roubaix, FRANCE T\u00e9l\u00e9phone : +33 9 72 10 10 07 3. Informations l\u00e9gales Le site SAM INFORMATIQUE est \u00e9dit\u00e9 par la soci\u00e9t\u00e9 SAM INFORMATIQUE S.A.S., soci\u00e9t\u00e9 par actions simplifi\u00e9e au capital de [&hellip;]\" \/>\n<meta property=\"og:url\" content=\"https:\/\/dev.square-com.fr\/sam-info\/mentions-legales\/\" \/>\n<meta property=\"og:site_name\" content=\"SAM INFORMATIQUE\" \/>\n<meta property=\"article:modified_time\" content=\"2024-07-24T12:21:33+00:00\" \/>\n<meta name=\"twitter:card\" content=\"summary_large_image\" \/>\n<meta name=\"twitter:label1\" content=\"Dur\u00e9e de lecture estim\u00e9e\" \/>\n\t<meta name=\"twitter:data1\" content=\"2 minutes\" \/>\n<script type=\"application\/ld+json\" class=\"yoast-schema-graph\">{\"@context\":\"https:\/\/schema.org\",\"@graph\":[{\"@type\":\"WebPage\",\"@id\":\"https:\/\/dev.square-com.fr\/sam-info\/mentions-legales\/\",\"url\":\"https:\/\/dev.square-com.fr\/sam-info\/mentions-legales\/\",\"name\":\"Mentions l\u00e9gales - SAM INFORMATIQUE\",\"isPartOf\":{\"@id\":\"https:\/\/dev.square-com.fr\/sam-info\/#website\"},\"datePublished\":\"2024-02-25T16:00:09+00:00\",\"dateModified\":\"2024-07-24T12:21:33+00:00\",\"breadcrumb\":{\"@id\":\"https:\/\/dev.square-com.fr\/sam-info\/mentions-legales\/#breadcrumb\"},\"inLanguage\":\"fr-FR\",\"potentialAction\":[{\"@type\":\"ReadAction\",\"target\":[\"https:\/\/dev.square-com.fr\/sam-info\/mentions-legales\/\"]}]},{\"@type\":\"BreadcrumbList\",\"@id\":\"https:\/\/dev.square-com.fr\/sam-info\/mentions-legales\/#breadcrumb\",\"itemListElement\":[{\"@type\":\"ListItem\",\"position\":1,\"name\":\"Accueil\",\"item\":\"https:\/\/dev.square-com.fr\/sam-info\/\"},{\"@type\":\"ListItem\",\"position\":2,\"name\":\"Mentions l\u00e9gales\"}]},{\"@type\":\"WebSite\",\"@id\":\"https:\/\/dev.square-com.fr\/sam-info\/#website\",\"url\":\"https:\/\/dev.square-com.fr\/sam-info\/\",\"name\":\"SAM INFORMATIQUE\",\"description\":\"Informatique - T\u00e9l\u00e9com - S\u00e9curit\u00e9\",\"potentialAction\":[{\"@type\":\"SearchAction\",\"target\":{\"@type\":\"EntryPoint\",\"urlTemplate\":\"https:\/\/dev.square-com.fr\/sam-info\/?s={search_term_string}\"},\"query-input\":\"required name=search_term_string\"}],\"inLanguage\":\"fr-FR\"}]}<\/script>\n<!-- \/ Yoast SEO plugin. -->","yoast_head_json":{"title":"Mentions l\u00e9gales - SAM INFORMATIQUE","robots":{"index":"index","follow":"follow","max-snippet":"max-snippet:-1","max-image-preview":"max-image-preview:large","max-video-preview":"max-video-preview:-1"},"canonical":"https:\/\/dev.square-com.fr\/sam-info\/mentions-legales\/","og_locale":"fr_FR","og_type":"article","og_title":"Mentions l\u00e9gales - SAM INFORMATIQUE","og_description":"Mentions L\u00e9gales 1. \u00c9diteur du site 2. H\u00e9bergement du site Le site est h\u00e9berg\u00e9 par OVH S.A.S. Adresse : 2 rue Kellermann, 59100 Roubaix, FRANCE T\u00e9l\u00e9phone : +33 9 72 10 10 07 3. Informations l\u00e9gales Le site SAM INFORMATIQUE est \u00e9dit\u00e9 par la soci\u00e9t\u00e9 SAM INFORMATIQUE S.A.S., soci\u00e9t\u00e9 par actions simplifi\u00e9e au capital de [&hellip;]","og_url":"https:\/\/dev.square-com.fr\/sam-info\/mentions-legales\/","og_site_name":"SAM INFORMATIQUE","article_modified_time":"2024-07-24T12:21:33+00:00","twitter_card":"summary_large_image","twitter_misc":{"Dur\u00e9e de lecture estim\u00e9e":"2 minutes"},"schema":{"@context":"https:\/\/schema.org","@graph":[{"@type":"WebPage","@id":"https:\/\/dev.square-com.fr\/sam-info\/mentions-legales\/","url":"https:\/\/dev.square-com.fr\/sam-info\/mentions-legales\/","name":"Mentions l\u00e9gales - SAM INFORMATIQUE","isPartOf":{"@id":"https:\/\/dev.square-com.fr\/sam-info\/#website"},"datePublished":"2024-02-25T16:00:09+00:00","dateModified":"2024-07-24T12:21:33+00:00","breadcrumb":{"@id":"https:\/\/dev.square-com.fr\/sam-info\/mentions-legales\/#breadcrumb"},"inLanguage":"fr-FR","potentialAction":[{"@type":"ReadAction","target":["https:\/\/dev.square-com.fr\/sam-info\/mentions-legales\/"]}]},{"@type":"BreadcrumbList","@id":"https:\/\/dev.square-com.fr\/sam-info\/mentions-legales\/#breadcrumb","itemListElement":[{"@type":"ListItem","position":1,"name":"Accueil","item":"https:\/\/dev.square-com.fr\/sam-info\/"},{"@type":"ListItem","position":2,"name":"Mentions l\u00e9gales"}]},{"@type":"WebSite","@id":"https:\/\/dev.square-com.fr\/sam-info\/#website","url":"https:\/\/dev.square-com.fr\/sam-info\/","name":"SAM INFORMATIQUE","description":"Informatique - T\u00e9l\u00e9com - S\u00e9curit\u00e9","potentialAction":[{"@type":"SearchAction","target":{"@type":"EntryPoint","urlTemplate":"https:\/\/dev.square-com.fr\/sam-info\/?s={search_term_string}"},"query-input":"required name=search_term_string"}],"inLanguage":"fr-FR"}]}},"_links":{"self":[{"href":"https:\/\/dev.square-com.fr\/sam-info\/wp-json\/wp\/v2\/pages\/1355","targetHints":{"allow":["GET"]}}],"collection":[{"href":"https:\/\/dev.square-com.fr\/sam-info\/wp-json\/wp\/v2\/pages"}],"about":[{"href":"https:\/\/dev.square-com.fr\/sam-info\/wp-json\/wp\/v2\/types\/page"}],"author":[{"embeddable":true,"href":"https:\/\/dev.square-com.fr\/sam-info\/wp-json\/wp\/v2\/users\/1"}],"replies":[{"embeddable":true,"href":"https:\/\/dev.square-com.fr\/sam-info\/wp-json\/wp\/v2\/comments?post=1355"}],"version-history":[{"count":6,"href":"https:\/\/dev.square-com.fr\/sam-info\/wp-json\/wp\/v2\/pages\/1355\/revisions"}],"predecessor-version":[{"id":2692,"href":"https:\/\/dev.square-com.fr\/sam-info\/wp-json\/wp\/v2\/pages\/1355\/revisions\/2692"}],"wp:attachment":[{"href":"https:\/\/dev.square-com.fr\/sam-info\/wp-json\/wp\/v2\/media?parent=1355"}],"curies":[{"name":"wp","href":"https:\/\/api.w.org\/{rel}","templated":true}]}}