{"id":155,"date":"2024-02-18T18:59:51","date_gmt":"2024-02-18T17:59:51","guid":{"rendered":"https:\/\/dev.square-com.fr\/sam-info\/?page_id=155"},"modified":"2024-09-04T15:45:31","modified_gmt":"2024-09-04T14:45:31","slug":"contact","status":"publish","type":"page","link":"https:\/\/dev.square-com.fr\/sam-info\/contact\/","title":{"rendered":"Contact"},"content":{"rendered":"\t\t<div data-elementor-type=\"wp-page\" data-elementor-id=\"155\" class=\"elementor elementor-155\" data-elementor-post-type=\"page\">\n\t\t\t\t<div class=\"elementor-element elementor-element-91a7a0c e-con-full e-flex wpr-particle-no wpr-jarallax-no wpr-parallax-no wpr-sticky-section-no e-con e-parent\" data-id=\"91a7a0c\" data-element_type=\"container\" data-settings=\"{&quot;content_width&quot;:&quot;full&quot;}\" data-core-v316-plus=\"true\">\n\t\t<div class=\"elementor-element elementor-element-c1299d5 e-flex e-con-boxed wpr-particle-no wpr-jarallax-no wpr-parallax-no wpr-sticky-section-no e-con e-child\" data-id=\"c1299d5\" data-element_type=\"container\" data-settings=\"{&quot;background_background&quot;:&quot;classic&quot;,&quot;content_width&quot;:&quot;boxed&quot;}\">\n\t\t\t\t\t<div class=\"e-con-inner\">\n\t\t\t\t<div class=\"elementor-element elementor-element-6f037c7 elementor-widget elementor-widget-text-editor\" data-id=\"6f037c7\" data-element_type=\"widget\" data-widget_type=\"text-editor.default\">\n\t\t\t\t<div class=\"elementor-widget-container\">\n\t\t\t<style>\/*! elementor - v3.19.0 - 07-02-2024 *\/\n.elementor-widget-text-editor.elementor-drop-cap-view-stacked .elementor-drop-cap{background-color:#69727d;color:#fff}.elementor-widget-text-editor.elementor-drop-cap-view-framed .elementor-drop-cap{color:#69727d;border:3px solid;background-color:transparent}.elementor-widget-text-editor:not(.elementor-drop-cap-view-default) .elementor-drop-cap{margin-top:8px}.elementor-widget-text-editor:not(.elementor-drop-cap-view-default) .elementor-drop-cap-letter{width:1em;height:1em}.elementor-widget-text-editor .elementor-drop-cap{float:left;text-align:center;line-height:1;font-size:50px}.elementor-widget-text-editor .elementor-drop-cap-letter{display:inline-block}<\/style>\t\t\t\t<h1>Contacter SAM Informatique<\/h1><div>\u00a0<\/div><p><b>Vous pouvez nous contacter au 03 29 94 72 90, en remplissant le formulaire ci-joint ou en vous rendant dans l&rsquo;une de nos agences.<\/b><\/p><p>L&rsquo;interlocuteur unique pour am\u00e9liorer, fiabiliser et s\u00e9curiser.<\/p><p>SAM Informatique s&rsquo;engage \u00e0 accompagner votre entreprise avec un service de qualit\u00e9 dans les domaines de l&rsquo;informatique, de la s\u00e9curit\u00e9 et des t\u00e9l\u00e9communications. Fort d&rsquo;un r\u00e9seau de 11 agences r\u00e9parties dans le Grand Est, nos 80 collaborateurs sont d\u00e9di\u00e9s \u00e0 votre satisfaction.<\/p><p>Profitez d&rsquo;un service r\u00e9actif et de qualit\u00e9 avec :<\/p><p>&#8211; Des techniciens itin\u00e9rants, qui assurent la maintenance et le bon fonctionnement de vos installations.<\/p><p>&#8211; Une hotline disponible 7j\/7, pour \u00e0 vos besoins en toutes circonstances.<\/p>\t\t\t\t\t\t<\/div>\n\t\t\t\t<\/div>\n\t\t\t\t\t<\/div>\n\t\t\t\t<\/div>\n\t\t<div class=\"elementor-element elementor-element-712da97 e-flex e-con-boxed wpr-particle-no wpr-jarallax-no wpr-parallax-no wpr-sticky-section-no e-con e-child\" data-id=\"712da97\" data-element_type=\"container\" data-settings=\"{&quot;background_background&quot;:&quot;classic&quot;,&quot;content_width&quot;:&quot;boxed&quot;}\">\n\t\t\t\t\t<div class=\"e-con-inner\">\n\t\t\t\t<div class=\"elementor-element elementor-element-68cb256 xpro-form-btn--center elementor-widget elementor-widget-wpforms\" data-id=\"68cb256\" data-element_type=\"widget\" data-widget_type=\"wpforms.default\">\n\t\t\t\t<div class=\"elementor-widget-container\">\n\t\t\t<div class=\"wpforms-container wpforms-container-full wpforms-render-modern\" id=\"wpforms-2829\"><form id=\"wpforms-form-2829\" class=\"wpforms-validate wpforms-form wpforms-ajax-form\" data-formid=\"2829\" method=\"post\" enctype=\"multipart\/form-data\" action=\"\/sam-info\/wp-json\/wp\/v2\/pages\/155\" data-token=\"31f27c408e0a51cc63f9ad144337771a\" data-token-time=\"1777884422\"><noscript class=\"wpforms-error-noscript\">Veuillez activer JavaScript dans votre navigateur pour remplir ce formulaire.<\/noscript><div class=\"wpforms-hidden\" id=\"wpforms-error-noscript\">Veuillez activer JavaScript dans votre navigateur pour remplir ce formulaire.<\/div><div class=\"wpforms-field-container\"><div id=\"wpforms-2829-field_1-container\" class=\"wpforms-field wpforms-field-name\" data-field-id=\"1\"><label class=\"wpforms-field-label\" for=\"wpforms-2829-field_1\">Nom <span class=\"wpforms-required-label\" aria-hidden=\"true\">*<\/span><\/label><input type=\"text\" id=\"wpforms-2829-field_1\" class=\"wpforms-field-medium wpforms-field-required\" name=\"wpforms[fields][1]\" aria-errormessage=\"wpforms-2829-field_1-error\" required><\/div><div id=\"wpforms-2829-field_5-container\" class=\"wpforms-field wpforms-field-name\" data-field-id=\"5\"><label class=\"wpforms-field-label\" for=\"wpforms-2829-field_5\">Soci\u00e9t\u00e9 <span class=\"wpforms-required-label\" aria-hidden=\"true\">*<\/span><\/label><input type=\"text\" id=\"wpforms-2829-field_5\" class=\"wpforms-field-medium wpforms-field-required\" name=\"wpforms[fields][5]\" aria-errormessage=\"wpforms-2829-field_5-error\" required><\/div><div id=\"wpforms-2829-field_2-container\" class=\"wpforms-field wpforms-field-email\" data-field-id=\"2\"><label class=\"wpforms-field-label\" for=\"wpforms-2829-field_2\">E-mail <span class=\"wpforms-required-label\" aria-hidden=\"true\">*<\/span><\/label><input type=\"email\" id=\"wpforms-2829-field_2\" class=\"wpforms-field-medium wpforms-field-required\" name=\"wpforms[fields][2]\" spellcheck=\"false\" aria-errormessage=\"wpforms-2829-field_2-error\" required><\/div><div id=\"wpforms-2829-field_4-container\" class=\"wpforms-field wpforms-field-text\" data-field-id=\"4\"><label class=\"wpforms-field-label\" for=\"wpforms-2829-field_4\">T\u00e9l\u00e9phone <span class=\"wpforms-required-label\" aria-hidden=\"true\">*<\/span><\/label><input type=\"text\" id=\"wpforms-2829-field_4\" class=\"wpforms-field-medium wpforms-field-required\" name=\"wpforms[fields][4]\" aria-errormessage=\"wpforms-2829-field_4-error\" required><\/div><div id=\"wpforms-2829-field_6-container\" class=\"wpforms-field wpforms-field-select wpforms-field-select-style-classic\" data-field-id=\"6\"><label class=\"wpforms-field-label\" for=\"wpforms-2829-field_6\">Objet <span class=\"wpforms-required-label\" aria-hidden=\"true\">*<\/span><\/label><select id=\"wpforms-2829-field_6\" class=\"wpforms-field-medium wpforms-field-required\" name=\"wpforms[fields][6]\" required=\"required\"><option value=\"Demande de devis, d\u00e9monstrations ..\" >Demande de devis, d\u00e9monstrations ..<\/option><option value=\"Candidature\" >Candidature<\/option><option value=\"Proposition de partenariat\" >Proposition de partenariat<\/option><option value=\"Autre\" >Autre<\/option><\/select><\/div><div id=\"wpforms-2829-field_3-container\" class=\"wpforms-field wpforms-field-textarea\" data-field-id=\"3\"><label class=\"wpforms-field-label\" for=\"wpforms-2829-field_3\">Commentaire ou message <span class=\"wpforms-required-label\" aria-hidden=\"true\">*<\/span><\/label><textarea id=\"wpforms-2829-field_3\" class=\"wpforms-field-medium wpforms-field-required\" name=\"wpforms[fields][3]\" aria-errormessage=\"wpforms-2829-field_3-error\" required><\/textarea><\/div><\/div><!-- .wpforms-field-container --><div class=\"wpforms-submit-container\" ><input type=\"hidden\" name=\"wpforms[id]\" value=\"2829\"><input type=\"hidden\" name=\"page_title\" value=\"\"><input type=\"hidden\" name=\"page_url\" value=\"https:\/\/dev.square-com.fr\/sam-info\/wp-json\/wp\/v2\/pages\/155\"><button type=\"submit\" name=\"wpforms[submit]\" id=\"wpforms-submit-2829\" class=\"wpforms-submit\" data-alt-text=\"Envoi...\" data-submit-text=\"Envoyer\" aria-live=\"assertive\" value=\"wpforms-submit\">Envoyer<\/button><img decoding=\"async\" src=\"https:\/\/dev.square-com.fr\/sam-info\/wp-content\/plugins\/wpforms-lite\/assets\/images\/submit-spin.svg\" class=\"wpforms-submit-spinner\" style=\"display: none;\" width=\"26\" height=\"26\" alt=\"Chargement en cours\"><\/div><\/form><\/div>  <!-- .wpforms-container -->\t\t<\/div>\n\t\t\t\t<\/div>\n\t\t\t\t\t<\/div>\n\t\t\t\t<\/div>\n\t\t\t\t<\/div>\n\t\t\t\t<section class=\"elementor-section elementor-top-section elementor-element elementor-element-a5f9451 elementor-section-full_width animated-slow elementor-section-height-default elementor-section-height-default wpr-particle-no wpr-jarallax-no wpr-parallax-no wpr-sticky-section-no elementor-invisible\" data-id=\"a5f9451\" data-element_type=\"section\" data-settings=\"{&quot;animation&quot;:&quot;fadeInUp&quot;}\">\n\t\t\t\t\t\t<div class=\"elementor-container elementor-column-gap-default\">\n\t\t\t\t\t<div class=\"elementor-column elementor-col-100 elementor-top-column elementor-element elementor-element-25436c0\" data-id=\"25436c0\" data-element_type=\"column\">\n\t\t\t<div class=\"elementor-widget-wrap elementor-element-populated\">\n\t\t\t\t\t\t<div class=\"elementor-element elementor-element-b234fd9 elementor-widget elementor-widget-google_maps\" data-id=\"b234fd9\" data-element_type=\"widget\" data-widget_type=\"google_maps.default\">\n\t\t\t\t<div class=\"elementor-widget-container\">\n\t\t\t<style>\/*! elementor - v3.19.0 - 07-02-2024 *\/\n.elementor-widget-google_maps .elementor-widget-container{overflow:hidden}.elementor-widget-google_maps .elementor-custom-embed{line-height:0}.elementor-widget-google_maps iframe{height:300px}<\/style>\t\t<div class=\"elementor-custom-embed\">\n\t\t\t<iframe loading=\"lazy\"\n\t\t\t\t\tsrc=\"https:\/\/maps.google.com\/maps?q=Sam%20informatique%2C%20neufchateau&#038;t=m&#038;z=14&#038;output=embed&#038;iwloc=near\"\n\t\t\t\t\ttitle=\"Sam informatique, neufchateau\"\n\t\t\t\t\taria-label=\"Sam informatique, neufchateau\"\n\t\t\t><\/iframe>\n\t\t<\/div>\n\t\t\t\t<\/div>\n\t\t\t\t<\/div>\n\t\t\t\t\t<\/div>\n\t\t<\/div>\n\t\t\t\t\t<\/div>\n\t\t<\/section>\n\t\t\t\t<\/div>\n\t\t","protected":false},"excerpt":{"rendered":"<p>Contacter SAM Informatique \u00a0 Vous pouvez nous contacter au 03 29 94 72 90, en remplissant le formulaire ci-joint ou en vous rendant dans l&rsquo;une de nos agences. L&rsquo;interlocuteur unique pour am\u00e9liorer, fiabiliser et s\u00e9curiser. SAM Informatique s&rsquo;engage \u00e0 accompagner votre entreprise avec un service de qualit\u00e9 dans les domaines de l&rsquo;informatique, de la s\u00e9curit\u00e9 [&hellip;]<\/p>\n","protected":false},"author":1,"featured_media":0,"parent":0,"menu_order":0,"comment_status":"closed","ping_status":"closed","template":"","meta":{"inline_featured_image":false,"footnotes":""},"class_list":["post-155","page","type-page","status-publish","hentry"],"acf":[],"yoast_head":"<!-- This site is optimized with the Yoast SEO plugin v22.1 - https:\/\/yoast.com\/wordpress\/plugins\/seo\/ -->\n<title>Contact - SAM INFORMATIQUE<\/title>\n<meta name=\"robots\" content=\"index, follow, max-snippet:-1, max-image-preview:large, max-video-preview:-1\" \/>\n<link rel=\"canonical\" href=\"https:\/\/dev.square-com.fr\/sam-info\/contact\/\" \/>\n<meta property=\"og:locale\" content=\"fr_FR\" \/>\n<meta property=\"og:type\" content=\"article\" \/>\n<meta property=\"og:title\" content=\"Contact - SAM INFORMATIQUE\" \/>\n<meta property=\"og:description\" content=\"Contacter SAM Informatique \u00a0 Vous pouvez nous contacter au 03 29 94 72 90, en remplissant le formulaire ci-joint ou en vous rendant dans l&rsquo;une de nos agences. L&rsquo;interlocuteur unique pour am\u00e9liorer, fiabiliser et s\u00e9curiser. SAM Informatique s&rsquo;engage \u00e0 accompagner votre entreprise avec un service de qualit\u00e9 dans les domaines de l&rsquo;informatique, de la s\u00e9curit\u00e9 [&hellip;]\" \/>\n<meta property=\"og:url\" content=\"https:\/\/dev.square-com.fr\/sam-info\/contact\/\" \/>\n<meta property=\"og:site_name\" content=\"SAM INFORMATIQUE\" \/>\n<meta property=\"article:modified_time\" content=\"2024-09-04T14:45:31+00:00\" \/>\n<meta name=\"twitter:card\" content=\"summary_large_image\" \/>\n<meta name=\"twitter:label1\" content=\"Dur\u00e9e de lecture estim\u00e9e\" \/>\n\t<meta name=\"twitter:data1\" content=\"1 minute\" \/>\n<script type=\"application\/ld+json\" class=\"yoast-schema-graph\">{\"@context\":\"https:\/\/schema.org\",\"@graph\":[{\"@type\":\"WebPage\",\"@id\":\"https:\/\/dev.square-com.fr\/sam-info\/contact\/\",\"url\":\"https:\/\/dev.square-com.fr\/sam-info\/contact\/\",\"name\":\"Contact - SAM INFORMATIQUE\",\"isPartOf\":{\"@id\":\"https:\/\/dev.square-com.fr\/sam-info\/#website\"},\"datePublished\":\"2024-02-18T17:59:51+00:00\",\"dateModified\":\"2024-09-04T14:45:31+00:00\",\"breadcrumb\":{\"@id\":\"https:\/\/dev.square-com.fr\/sam-info\/contact\/#breadcrumb\"},\"inLanguage\":\"fr-FR\",\"potentialAction\":[{\"@type\":\"ReadAction\",\"target\":[\"https:\/\/dev.square-com.fr\/sam-info\/contact\/\"]}]},{\"@type\":\"BreadcrumbList\",\"@id\":\"https:\/\/dev.square-com.fr\/sam-info\/contact\/#breadcrumb\",\"itemListElement\":[{\"@type\":\"ListItem\",\"position\":1,\"name\":\"Accueil\",\"item\":\"https:\/\/dev.square-com.fr\/sam-info\/\"},{\"@type\":\"ListItem\",\"position\":2,\"name\":\"Contact\"}]},{\"@type\":\"WebSite\",\"@id\":\"https:\/\/dev.square-com.fr\/sam-info\/#website\",\"url\":\"https:\/\/dev.square-com.fr\/sam-info\/\",\"name\":\"SAM INFORMATIQUE\",\"description\":\"Informatique - T\u00e9l\u00e9com - S\u00e9curit\u00e9\",\"potentialAction\":[{\"@type\":\"SearchAction\",\"target\":{\"@type\":\"EntryPoint\",\"urlTemplate\":\"https:\/\/dev.square-com.fr\/sam-info\/?s={search_term_string}\"},\"query-input\":\"required name=search_term_string\"}],\"inLanguage\":\"fr-FR\"}]}<\/script>\n<!-- \/ Yoast SEO plugin. -->","yoast_head_json":{"title":"Contact - SAM INFORMATIQUE","robots":{"index":"index","follow":"follow","max-snippet":"max-snippet:-1","max-image-preview":"max-image-preview:large","max-video-preview":"max-video-preview:-1"},"canonical":"https:\/\/dev.square-com.fr\/sam-info\/contact\/","og_locale":"fr_FR","og_type":"article","og_title":"Contact - SAM INFORMATIQUE","og_description":"Contacter SAM Informatique \u00a0 Vous pouvez nous contacter au 03 29 94 72 90, en remplissant le formulaire ci-joint ou en vous rendant dans l&rsquo;une de nos agences. L&rsquo;interlocuteur unique pour am\u00e9liorer, fiabiliser et s\u00e9curiser. SAM Informatique s&rsquo;engage \u00e0 accompagner votre entreprise avec un service de qualit\u00e9 dans les domaines de l&rsquo;informatique, de la s\u00e9curit\u00e9 [&hellip;]","og_url":"https:\/\/dev.square-com.fr\/sam-info\/contact\/","og_site_name":"SAM INFORMATIQUE","article_modified_time":"2024-09-04T14:45:31+00:00","twitter_card":"summary_large_image","twitter_misc":{"Dur\u00e9e de lecture estim\u00e9e":"1 minute"},"schema":{"@context":"https:\/\/schema.org","@graph":[{"@type":"WebPage","@id":"https:\/\/dev.square-com.fr\/sam-info\/contact\/","url":"https:\/\/dev.square-com.fr\/sam-info\/contact\/","name":"Contact - SAM INFORMATIQUE","isPartOf":{"@id":"https:\/\/dev.square-com.fr\/sam-info\/#website"},"datePublished":"2024-02-18T17:59:51+00:00","dateModified":"2024-09-04T14:45:31+00:00","breadcrumb":{"@id":"https:\/\/dev.square-com.fr\/sam-info\/contact\/#breadcrumb"},"inLanguage":"fr-FR","potentialAction":[{"@type":"ReadAction","target":["https:\/\/dev.square-com.fr\/sam-info\/contact\/"]}]},{"@type":"BreadcrumbList","@id":"https:\/\/dev.square-com.fr\/sam-info\/contact\/#breadcrumb","itemListElement":[{"@type":"ListItem","position":1,"name":"Accueil","item":"https:\/\/dev.square-com.fr\/sam-info\/"},{"@type":"ListItem","position":2,"name":"Contact"}]},{"@type":"WebSite","@id":"https:\/\/dev.square-com.fr\/sam-info\/#website","url":"https:\/\/dev.square-com.fr\/sam-info\/","name":"SAM INFORMATIQUE","description":"Informatique - T\u00e9l\u00e9com - S\u00e9curit\u00e9","potentialAction":[{"@type":"SearchAction","target":{"@type":"EntryPoint","urlTemplate":"https:\/\/dev.square-com.fr\/sam-info\/?s={search_term_string}"},"query-input":"required name=search_term_string"}],"inLanguage":"fr-FR"}]}},"_links":{"self":[{"href":"https:\/\/dev.square-com.fr\/sam-info\/wp-json\/wp\/v2\/pages\/155","targetHints":{"allow":["GET"]}}],"collection":[{"href":"https:\/\/dev.square-com.fr\/sam-info\/wp-json\/wp\/v2\/pages"}],"about":[{"href":"https:\/\/dev.square-com.fr\/sam-info\/wp-json\/wp\/v2\/types\/page"}],"author":[{"embeddable":true,"href":"https:\/\/dev.square-com.fr\/sam-info\/wp-json\/wp\/v2\/users\/1"}],"replies":[{"embeddable":true,"href":"https:\/\/dev.square-com.fr\/sam-info\/wp-json\/wp\/v2\/comments?post=155"}],"version-history":[{"count":95,"href":"https:\/\/dev.square-com.fr\/sam-info\/wp-json\/wp\/v2\/pages\/155\/revisions"}],"predecessor-version":[{"id":2975,"href":"https:\/\/dev.square-com.fr\/sam-info\/wp-json\/wp\/v2\/pages\/155\/revisions\/2975"}],"wp:attachment":[{"href":"https:\/\/dev.square-com.fr\/sam-info\/wp-json\/wp\/v2\/media?parent=155"}],"curies":[{"name":"wp","href":"https:\/\/api.w.org\/{rel}","templated":true}]}}