{"id":2664,"date":"2024-07-22T13:54:37","date_gmt":"2024-07-22T12:54:37","guid":{"rendered":"https:\/\/dev.square-com.fr\/sam-info\/?page_id=2664"},"modified":"2024-09-04T10:16:35","modified_gmt":"2024-09-04T09:16:35","slug":"filiales","status":"publish","type":"page","link":"https:\/\/dev.square-com.fr\/sam-info\/filiales\/","title":{"rendered":"Pr\u00e9sentation des filiales du groupe :"},"content":{"rendered":"\t\t<div data-elementor-type=\"wp-page\" data-elementor-id=\"2664\" class=\"elementor elementor-2664\" data-elementor-post-type=\"page\">\n\t\t\t\t<div class=\"elementor-element elementor-element-63598df e-flex e-con-boxed wpr-particle-no wpr-jarallax-no wpr-parallax-no wpr-sticky-section-no e-con e-parent\" data-id=\"63598df\" data-element_type=\"container\" data-settings=\"{&quot;content_width&quot;:&quot;boxed&quot;}\" data-core-v316-plus=\"true\">\n\t\t\t\t\t<div class=\"e-con-inner\">\n\t\t\t\t<div class=\"elementor-element elementor-element-3d32076 elementor-widget elementor-widget-heading\" data-id=\"3d32076\" data-element_type=\"widget\" data-widget_type=\"heading.default\">\n\t\t\t\t<div class=\"elementor-widget-container\">\n\t\t\t<style>\/*! elementor - v3.19.0 - 07-02-2024 *\/\n.elementor-heading-title{padding:0;margin:0;line-height:1}.elementor-widget-heading .elementor-heading-title[class*=elementor-size-]>a{color:inherit;font-size:inherit;line-height:inherit}.elementor-widget-heading .elementor-heading-title.elementor-size-small{font-size:15px}.elementor-widget-heading .elementor-heading-title.elementor-size-medium{font-size:19px}.elementor-widget-heading .elementor-heading-title.elementor-size-large{font-size:29px}.elementor-widget-heading .elementor-heading-title.elementor-size-xl{font-size:39px}.elementor-widget-heading .elementor-heading-title.elementor-size-xxl{font-size:59px}<\/style><h2 class=\"elementor-heading-title elementor-size-default\">Les filiales :<\/h2>\t\t<\/div>\n\t\t\t\t<\/div>\n\t\t\t\t\t<\/div>\n\t\t\t\t<\/div>\n\t\t<div class=\"elementor-element elementor-element-ad70ff3 e-flex e-con-boxed wpr-particle-no wpr-jarallax-no wpr-parallax-no wpr-sticky-section-no e-con e-parent\" data-id=\"ad70ff3\" data-element_type=\"container\" data-settings=\"{&quot;content_width&quot;:&quot;boxed&quot;}\" data-core-v316-plus=\"true\">\n\t\t\t\t\t<div class=\"e-con-inner\">\n\t\t<div class=\"elementor-element elementor-element-42175fa e-con-full e-flex wpr-particle-no wpr-jarallax-no wpr-parallax-no wpr-sticky-section-no e-con e-child\" data-id=\"42175fa\" data-element_type=\"container\" data-settings=\"{&quot;content_width&quot;:&quot;full&quot;}\">\n\t\t\t\t<div class=\"elementor-element elementor-element-cb085f1 dce_masking-none elementor-widget elementor-widget-image\" data-id=\"cb085f1\" data-element_type=\"widget\" data-widget_type=\"image.default\">\n\t\t\t\t<div class=\"elementor-widget-container\">\n\t\t\t<style>\/*! elementor - v3.19.0 - 07-02-2024 *\/\n.elementor-widget-image{text-align:center}.elementor-widget-image a{display:inline-block}.elementor-widget-image a img[src$=\".svg\"]{width:48px}.elementor-widget-image img{vertical-align:middle;display:inline-block}<\/style>\t\t\t\t\t\t\t\t\t\t<img fetchpriority=\"high\" decoding=\"async\" width=\"300\" height=\"281\" src=\"https:\/\/dev.square-com.fr\/sam-info\/wp-content\/uploads\/2024\/09\/Logo_LBI_Systems_Vertical_BLANC-300x281.png\" class=\"attachment-medium size-medium wp-image-2895\" alt=\"\" srcset=\"https:\/\/dev.square-com.fr\/sam-info\/wp-content\/uploads\/2024\/09\/Logo_LBI_Systems_Vertical_BLANC-300x281.png 300w, https:\/\/dev.square-com.fr\/sam-info\/wp-content\/uploads\/2024\/09\/Logo_LBI_Systems_Vertical_BLANC-768x718.png 768w, https:\/\/dev.square-com.fr\/sam-info\/wp-content\/uploads\/2024\/09\/Logo_LBI_Systems_Vertical_BLANC.png 914w\" sizes=\"(max-width: 300px) 100vw, 300px\" \/>\t\t\t\t\t\t\t\t\t\t\t\t\t<\/div>\n\t\t\t\t<\/div>\n\t\t\t\t<\/div>\n\t\t<div class=\"elementor-element elementor-element-4228b7c e-con-full e-flex wpr-particle-no wpr-jarallax-no wpr-parallax-no wpr-sticky-section-no e-con e-child\" data-id=\"4228b7c\" data-element_type=\"container\" data-settings=\"{&quot;content_width&quot;:&quot;full&quot;}\">\n\t\t\t\t<div class=\"elementor-element elementor-element-e6a1e52 elementor-widget elementor-widget-heading\" data-id=\"e6a1e52\" data-element_type=\"widget\" data-widget_type=\"heading.default\">\n\t\t\t\t<div class=\"elementor-widget-container\">\n\t\t\t<h2 class=\"elementor-heading-title elementor-size-default\">LBI Systems<\/h2>\t\t<\/div>\n\t\t\t\t<\/div>\n\t\t\t\t<div class=\"elementor-element elementor-element-3ae63a3 elementor-widget elementor-widget-text-editor\" data-id=\"3ae63a3\" data-element_type=\"widget\" data-widget_type=\"text-editor.default\">\n\t\t\t\t<div class=\"elementor-widget-container\">\n\t\t\t<style>\/*! elementor - v3.19.0 - 07-02-2024 *\/\n.elementor-widget-text-editor.elementor-drop-cap-view-stacked .elementor-drop-cap{background-color:#69727d;color:#fff}.elementor-widget-text-editor.elementor-drop-cap-view-framed .elementor-drop-cap{color:#69727d;border:3px solid;background-color:transparent}.elementor-widget-text-editor:not(.elementor-drop-cap-view-default) .elementor-drop-cap{margin-top:8px}.elementor-widget-text-editor:not(.elementor-drop-cap-view-default) .elementor-drop-cap-letter{width:1em;height:1em}.elementor-widget-text-editor .elementor-drop-cap{float:left;text-align:center;line-height:1;font-size:50px}.elementor-widget-text-editor .elementor-drop-cap-letter{display:inline-block}<\/style>\t\t\t\t<p>LBI Systems, bas\u00e9e \u00e0 Heillecourt, est sp\u00e9cialis\u00e9e dans la vente et l&rsquo;installation de solutions audiovisuelles dans la r\u00e9gion Grand Est depuis 1990. L&rsquo;entreprise offre ses services aux entreprises et \u00e9tablissements scolaires, se distinguant par son expertise technique et son engagement \u00e0 fournir un accompagnement personnalis\u00e9.&nbsp;&nbsp;<\/p><p>Gr\u00e2ce \u00e0 une \u00e9quipe de conseillers et de techniciens form\u00e9s aux derni\u00e8res technologies, LBI Systems assure l&rsquo;installation, la formation et la maintenance, pour garantir des solutions audiovisuelles de haute qualit\u00e9.<\/p>\n<p><span style=\"color: var( --e-global-color-text ); text-align: var(--text-align); background-color: var( --e-global-color-primary ); font-size: 1rem;\">Pour plus d&rsquo;informations : <\/span><a href=\"http:\/\/www.lbisystems.com\" style=\"text-align: var(--text-align); font-size: 1rem;\">www.lbisystems.com<\/a><br><\/p>\t\t\t\t\t\t<\/div>\n\t\t\t\t<\/div>\n\t\t\t\t<\/div>\n\t\t\t\t\t<\/div>\n\t\t\t\t<\/div>\n\t\t<div class=\"elementor-element elementor-element-d30024b e-flex e-con-boxed wpr-particle-no wpr-jarallax-no wpr-parallax-no wpr-sticky-section-no e-con e-parent\" data-id=\"d30024b\" data-element_type=\"container\" data-settings=\"{&quot;background_background&quot;:&quot;classic&quot;,&quot;content_width&quot;:&quot;boxed&quot;}\" data-core-v316-plus=\"true\">\n\t\t\t\t\t<div class=\"e-con-inner\">\n\t\t<div class=\"elementor-element elementor-element-7c0a8f8 e-con-full e-flex wpr-particle-no wpr-jarallax-no wpr-parallax-no wpr-sticky-section-no e-con e-child\" data-id=\"7c0a8f8\" data-element_type=\"container\" data-settings=\"{&quot;content_width&quot;:&quot;full&quot;}\">\n\t\t\t\t<div class=\"elementor-element elementor-element-7a97110 elementor-widget elementor-widget-heading\" data-id=\"7a97110\" data-element_type=\"widget\" data-widget_type=\"heading.default\">\n\t\t\t\t<div class=\"elementor-widget-container\">\n\t\t\t<h2 class=\"elementor-heading-title elementor-size-default\">Fotint\u00e9gration<\/h2>\t\t<\/div>\n\t\t\t\t<\/div>\n\t\t\t\t<div class=\"elementor-element elementor-element-fd3608f elementor-widget elementor-widget-text-editor\" data-id=\"fd3608f\" data-element_type=\"widget\" data-widget_type=\"text-editor.default\">\n\t\t\t\t<div class=\"elementor-widget-container\">\n\t\t\t\t\t\t\t<p>Fotint\u00e9gration, bas\u00e9 \u00e0 Metz, est sp\u00e9cialis\u00e9 dans l&rsquo;installation de c\u00e2blage dans le Grand Est depuis plus de 20 ans.<\/p><p>L&rsquo;entreprise con\u00e7oit, installe et configure les r\u00e9seaux des entreprises et administrations. Elle garantie une connectivit\u00e9 rapide et fiable (t\u00e9l\u00e9communications, internet, &#8230;) gr\u00e2ce aux c\u00e2blage cuivres et fibre optique.<\/p><p>L&rsquo;\u00e9quipe de techniciens est rigoureusement form\u00e9e et poss\u00e8de diverses habilitations (\u00e9lectrique, chimique, nacelle), pour intervenir dans tous types d&rsquo;environnements et sur des chantiers d&rsquo;envergure.<\/p><p>Pour plus d&rsquo;informations : <a href=\"http:\/\/www.fotintegration.com\">www.fotintegration.com<\/a> \u00a0<\/p>\t\t\t\t\t\t<\/div>\n\t\t\t\t<\/div>\n\t\t\t\t<\/div>\n\t\t<div class=\"elementor-element elementor-element-f8eeb18 e-con-full e-flex wpr-particle-no wpr-jarallax-no wpr-parallax-no wpr-sticky-section-no e-con e-child\" data-id=\"f8eeb18\" data-element_type=\"container\" data-settings=\"{&quot;content_width&quot;:&quot;full&quot;}\">\n\t\t\t\t<div class=\"elementor-element elementor-element-87bfaed dce_masking-none elementor-widget elementor-widget-image\" data-id=\"87bfaed\" data-element_type=\"widget\" data-widget_type=\"image.default\">\n\t\t\t\t<div class=\"elementor-widget-container\">\n\t\t\t\t\t\t\t\t\t\t\t\t\t<img decoding=\"async\" width=\"800\" height=\"411\" src=\"https:\/\/dev.square-com.fr\/sam-info\/wp-content\/uploads\/2024\/07\/Logo_FOTIntegration-1024x526.png\" class=\"attachment-large size-large wp-image-2669\" alt=\"\" srcset=\"https:\/\/dev.square-com.fr\/sam-info\/wp-content\/uploads\/2024\/07\/Logo_FOTIntegration-1024x526.png 1024w, https:\/\/dev.square-com.fr\/sam-info\/wp-content\/uploads\/2024\/07\/Logo_FOTIntegration-300x154.png 300w, https:\/\/dev.square-com.fr\/sam-info\/wp-content\/uploads\/2024\/07\/Logo_FOTIntegration-768x394.png 768w, https:\/\/dev.square-com.fr\/sam-info\/wp-content\/uploads\/2024\/07\/Logo_FOTIntegration.png 1054w\" sizes=\"(max-width: 800px) 100vw, 800px\" \/>\t\t\t\t\t\t\t\t\t\t\t\t\t<\/div>\n\t\t\t\t<\/div>\n\t\t\t\t<\/div>\n\t\t\t\t\t<\/div>\n\t\t\t\t<\/div>\n\t\t\t\t<\/div>\n\t\t","protected":false},"excerpt":{"rendered":"<p>Les filiales : LBI Systems LBI Systems, bas\u00e9e \u00e0 Heillecourt, est sp\u00e9cialis\u00e9e dans la vente et l&rsquo;installation de solutions audiovisuelles dans la r\u00e9gion Grand Est depuis 1990. L&rsquo;entreprise offre ses services aux entreprises et \u00e9tablissements scolaires, se distinguant par son expertise technique et son engagement \u00e0 fournir un accompagnement personnalis\u00e9.&nbsp;&nbsp; Gr\u00e2ce \u00e0 une \u00e9quipe de [&hellip;]<\/p>\n","protected":false},"author":3,"featured_media":0,"parent":0,"menu_order":0,"comment_status":"closed","ping_status":"closed","template":"","meta":{"inline_featured_image":false,"footnotes":""},"class_list":["post-2664","page","type-page","status-publish","hentry"],"acf":[],"yoast_head":"<!-- This site is optimized with the Yoast SEO plugin v22.1 - https:\/\/yoast.com\/wordpress\/plugins\/seo\/ -->\n<title>Pr\u00e9sentation des filiales du groupe : - SAM INFORMATIQUE<\/title>\n<meta name=\"robots\" content=\"index, follow, max-snippet:-1, max-image-preview:large, max-video-preview:-1\" \/>\n<link rel=\"canonical\" href=\"https:\/\/dev.square-com.fr\/sam-info\/filiales\/\" \/>\n<meta property=\"og:locale\" content=\"fr_FR\" \/>\n<meta property=\"og:type\" content=\"article\" \/>\n<meta property=\"og:title\" content=\"Pr\u00e9sentation des filiales du groupe : - SAM INFORMATIQUE\" \/>\n<meta property=\"og:description\" content=\"Les filiales : LBI Systems LBI Systems, bas\u00e9e \u00e0 Heillecourt, est sp\u00e9cialis\u00e9e dans la vente et l&rsquo;installation de solutions audiovisuelles dans la r\u00e9gion Grand Est depuis 1990. L&rsquo;entreprise offre ses services aux entreprises et \u00e9tablissements scolaires, se distinguant par son expertise technique et son engagement \u00e0 fournir un accompagnement personnalis\u00e9.&nbsp;&nbsp; Gr\u00e2ce \u00e0 une \u00e9quipe de [&hellip;]\" \/>\n<meta property=\"og:url\" content=\"https:\/\/dev.square-com.fr\/sam-info\/filiales\/\" \/>\n<meta property=\"og:site_name\" content=\"SAM INFORMATIQUE\" \/>\n<meta property=\"article:modified_time\" content=\"2024-09-04T09:16:35+00:00\" \/>\n<meta property=\"og:image\" content=\"https:\/\/dev.square-com.fr\/sam-info\/wp-content\/uploads\/2024\/09\/Logo_LBI_Systems_Vertical_BLANC-300x281.png\" \/>\n<meta name=\"twitter:card\" content=\"summary_large_image\" \/>\n<meta name=\"twitter:label1\" content=\"Dur\u00e9e de lecture estim\u00e9e\" \/>\n\t<meta name=\"twitter:data1\" content=\"2 minutes\" \/>\n<script type=\"application\/ld+json\" class=\"yoast-schema-graph\">{\"@context\":\"https:\/\/schema.org\",\"@graph\":[{\"@type\":\"WebPage\",\"@id\":\"https:\/\/dev.square-com.fr\/sam-info\/filiales\/\",\"url\":\"https:\/\/dev.square-com.fr\/sam-info\/filiales\/\",\"name\":\"Pr\u00e9sentation des filiales du groupe : - SAM INFORMATIQUE\",\"isPartOf\":{\"@id\":\"https:\/\/dev.square-com.fr\/sam-info\/#website\"},\"datePublished\":\"2024-07-22T12:54:37+00:00\",\"dateModified\":\"2024-09-04T09:16:35+00:00\",\"breadcrumb\":{\"@id\":\"https:\/\/dev.square-com.fr\/sam-info\/filiales\/#breadcrumb\"},\"inLanguage\":\"fr-FR\",\"potentialAction\":[{\"@type\":\"ReadAction\",\"target\":[\"https:\/\/dev.square-com.fr\/sam-info\/filiales\/\"]}]},{\"@type\":\"BreadcrumbList\",\"@id\":\"https:\/\/dev.square-com.fr\/sam-info\/filiales\/#breadcrumb\",\"itemListElement\":[{\"@type\":\"ListItem\",\"position\":1,\"name\":\"Accueil\",\"item\":\"https:\/\/dev.square-com.fr\/sam-info\/\"},{\"@type\":\"ListItem\",\"position\":2,\"name\":\"Pr\u00e9sentation des filiales du groupe :\"}]},{\"@type\":\"WebSite\",\"@id\":\"https:\/\/dev.square-com.fr\/sam-info\/#website\",\"url\":\"https:\/\/dev.square-com.fr\/sam-info\/\",\"name\":\"SAM INFORMATIQUE\",\"description\":\"Informatique - T\u00e9l\u00e9com - S\u00e9curit\u00e9\",\"potentialAction\":[{\"@type\":\"SearchAction\",\"target\":{\"@type\":\"EntryPoint\",\"urlTemplate\":\"https:\/\/dev.square-com.fr\/sam-info\/?s={search_term_string}\"},\"query-input\":\"required name=search_term_string\"}],\"inLanguage\":\"fr-FR\"}]}<\/script>\n<!-- \/ Yoast SEO plugin. -->","yoast_head_json":{"title":"Pr\u00e9sentation des filiales du groupe : - SAM INFORMATIQUE","robots":{"index":"index","follow":"follow","max-snippet":"max-snippet:-1","max-image-preview":"max-image-preview:large","max-video-preview":"max-video-preview:-1"},"canonical":"https:\/\/dev.square-com.fr\/sam-info\/filiales\/","og_locale":"fr_FR","og_type":"article","og_title":"Pr\u00e9sentation des filiales du groupe : - SAM INFORMATIQUE","og_description":"Les filiales : LBI Systems LBI Systems, bas\u00e9e \u00e0 Heillecourt, est sp\u00e9cialis\u00e9e dans la vente et l&rsquo;installation de solutions audiovisuelles dans la r\u00e9gion Grand Est depuis 1990. L&rsquo;entreprise offre ses services aux entreprises et \u00e9tablissements scolaires, se distinguant par son expertise technique et son engagement \u00e0 fournir un accompagnement personnalis\u00e9.&nbsp;&nbsp; Gr\u00e2ce \u00e0 une \u00e9quipe de [&hellip;]","og_url":"https:\/\/dev.square-com.fr\/sam-info\/filiales\/","og_site_name":"SAM INFORMATIQUE","article_modified_time":"2024-09-04T09:16:35+00:00","og_image":[{"url":"https:\/\/dev.square-com.fr\/sam-info\/wp-content\/uploads\/2024\/09\/Logo_LBI_Systems_Vertical_BLANC-300x281.png"}],"twitter_card":"summary_large_image","twitter_misc":{"Dur\u00e9e de lecture estim\u00e9e":"2 minutes"},"schema":{"@context":"https:\/\/schema.org","@graph":[{"@type":"WebPage","@id":"https:\/\/dev.square-com.fr\/sam-info\/filiales\/","url":"https:\/\/dev.square-com.fr\/sam-info\/filiales\/","name":"Pr\u00e9sentation des filiales du groupe : - SAM INFORMATIQUE","isPartOf":{"@id":"https:\/\/dev.square-com.fr\/sam-info\/#website"},"datePublished":"2024-07-22T12:54:37+00:00","dateModified":"2024-09-04T09:16:35+00:00","breadcrumb":{"@id":"https:\/\/dev.square-com.fr\/sam-info\/filiales\/#breadcrumb"},"inLanguage":"fr-FR","potentialAction":[{"@type":"ReadAction","target":["https:\/\/dev.square-com.fr\/sam-info\/filiales\/"]}]},{"@type":"BreadcrumbList","@id":"https:\/\/dev.square-com.fr\/sam-info\/filiales\/#breadcrumb","itemListElement":[{"@type":"ListItem","position":1,"name":"Accueil","item":"https:\/\/dev.square-com.fr\/sam-info\/"},{"@type":"ListItem","position":2,"name":"Pr\u00e9sentation des filiales du groupe :"}]},{"@type":"WebSite","@id":"https:\/\/dev.square-com.fr\/sam-info\/#website","url":"https:\/\/dev.square-com.fr\/sam-info\/","name":"SAM INFORMATIQUE","description":"Informatique - T\u00e9l\u00e9com - S\u00e9curit\u00e9","potentialAction":[{"@type":"SearchAction","target":{"@type":"EntryPoint","urlTemplate":"https:\/\/dev.square-com.fr\/sam-info\/?s={search_term_string}"},"query-input":"required name=search_term_string"}],"inLanguage":"fr-FR"}]}},"_links":{"self":[{"href":"https:\/\/dev.square-com.fr\/sam-info\/wp-json\/wp\/v2\/pages\/2664","targetHints":{"allow":["GET"]}}],"collection":[{"href":"https:\/\/dev.square-com.fr\/sam-info\/wp-json\/wp\/v2\/pages"}],"about":[{"href":"https:\/\/dev.square-com.fr\/sam-info\/wp-json\/wp\/v2\/types\/page"}],"author":[{"embeddable":true,"href":"https:\/\/dev.square-com.fr\/sam-info\/wp-json\/wp\/v2\/users\/3"}],"replies":[{"embeddable":true,"href":"https:\/\/dev.square-com.fr\/sam-info\/wp-json\/wp\/v2\/comments?post=2664"}],"version-history":[{"count":24,"href":"https:\/\/dev.square-com.fr\/sam-info\/wp-json\/wp\/v2\/pages\/2664\/revisions"}],"predecessor-version":[{"id":2903,"href":"https:\/\/dev.square-com.fr\/sam-info\/wp-json\/wp\/v2\/pages\/2664\/revisions\/2903"}],"wp:attachment":[{"href":"https:\/\/dev.square-com.fr\/sam-info\/wp-json\/wp\/v2\/media?parent=2664"}],"curies":[{"name":"wp","href":"https:\/\/api.w.org\/{rel}","templated":true}]}}